{"id":23791,"date":"2024-12-13T17:37:01","date_gmt":"2024-12-13T17:37:01","guid":{"rendered":"https:\/\/laboratorioautodidacta.com\/product\/premium-matematica-basico-con-material-didactico-concreto\/"},"modified":"2024-12-13T17:37:01","modified_gmt":"2024-12-13T17:37:01","slug":"premium-matematica-basico-con-material-didactico-concreto","status":"publish","type":"product","link":"https:\/\/laboratorioautodidacta.com\/en\/product\/premium-matematica-basico-con-material-didactico-concreto\/","title":{"rendered":"PREMIUM Matem\u00e1tica B\u00e1sico con material did\u00e1ctico concreto"},"content":{"rendered":"","protected":false},"excerpt":{"rendered":"","protected":false},"featured_media":23555,"comment_status":"open","ping_status":"closed","template":"","meta":[],"product_brand":[],"product_cat":[15],"product_tag":[],"class_list":{"0":"post-23791","1":"product","2":"type-product","3":"status-publish","4":"has-post-thumbnail","6":"product_cat-uncategorized","8":"first","9":"instock","10":"virtual","11":"sold-individually","12":"purchasable","13":"product-type-simple"},"_links":{"self":[{"href":"https:\/\/laboratorioautodidacta.com\/en\/wp-json\/wp\/v2\/product\/23791","targetHints":{"allow":["GET"]}}],"collection":[{"href":"https:\/\/laboratorioautodidacta.com\/en\/wp-json\/wp\/v2\/product"}],"about":[{"href":"https:\/\/laboratorioautodidacta.com\/en\/wp-json\/wp\/v2\/types\/product"}],"replies":[{"embeddable":true,"href":"https:\/\/laboratorioautodidacta.com\/en\/wp-json\/wp\/v2\/comments?post=23791"}],"version-history":[{"count":0,"href":"https:\/\/laboratorioautodidacta.com\/en\/wp-json\/wp\/v2\/product\/23791\/revisions"}],"wp:featuredmedia":[{"embeddable":true,"href":"https:\/\/laboratorioautodidacta.com\/en\/wp-json\/wp\/v2\/media\/23555"}],"wp:attachment":[{"href":"https:\/\/laboratorioautodidacta.com\/en\/wp-json\/wp\/v2\/media?parent=23791"}],"wp:term":[{"taxonomy":"product_brand","embeddable":true,"href":"https:\/\/laboratorioautodidacta.com\/en\/wp-json\/wp\/v2\/product_brand?post=23791"},{"taxonomy":"product_cat","embeddable":true,"href":"https:\/\/laboratorioautodidacta.com\/en\/wp-json\/wp\/v2\/product_cat?post=23791"},{"taxonomy":"product_tag","embeddable":true,"href":"https:\/\/laboratorioautodidacta.com\/en\/wp-json\/wp\/v2\/product_tag?post=23791"}],"curies":[{"name":"wp","href":"https:\/\/api.w.org\/{rel}","templated":true}]}}