{"id":23432,"date":"2024-12-10T14:50:58","date_gmt":"2024-12-10T14:50:58","guid":{"rendered":"https:\/\/laboratorioautodidacta.com\/?post_type=product&#038;p=23432"},"modified":"2024-12-10T14:51:18","modified_gmt":"2024-12-10T14:51:18","slug":"corazones-que-aman","status":"publish","type":"product","link":"https:\/\/laboratorioautodidacta.com\/en\/product\/corazones-que-aman\/","title":{"rendered":"CORAZONES QUE AMAN"},"content":{"rendered":"","protected":false},"excerpt":{"rendered":"<p><b>En 2023<\/b><br \/>\n<b>Corazones que Aman:<\/b>\u00a0entornos favorables para activar el potencial humano, en esta obra la autora describe una pr\u00e1ctica educativa no-directiva, que utiliza un recurso did\u00e1ctico formidable:\u00a0<b>la red articulada de ambientes preparados y relajados<\/b>\u00a0para que durante la infancia, ni\u00f1ez y juventud se active el plan interno de desarrollo de manera adecuada a trav\u00e9s de la experiencia personal. Este recurso puede ser implementado en el espacio \u00edntimo de relaciones, la familia, en contextos sociales amplios como son los centros educativos.<\/p>","protected":false},"featured_media":22950,"comment_status":"open","ping_status":"closed","template":"","meta":[],"product_brand":[],"product_cat":[78],"product_tag":[],"class_list":{"0":"post-23432","1":"product","2":"type-product","3":"status-publish","4":"has-post-thumbnail","6":"product_cat-libro","8":"first","9":"outofstock","10":"shipping-taxable","11":"product-type-simple"},"_links":{"self":[{"href":"https:\/\/laboratorioautodidacta.com\/en\/wp-json\/wp\/v2\/product\/23432","targetHints":{"allow":["GET"]}}],"collection":[{"href":"https:\/\/laboratorioautodidacta.com\/en\/wp-json\/wp\/v2\/product"}],"about":[{"href":"https:\/\/laboratorioautodidacta.com\/en\/wp-json\/wp\/v2\/types\/product"}],"replies":[{"embeddable":true,"href":"https:\/\/laboratorioautodidacta.com\/en\/wp-json\/wp\/v2\/comments?post=23432"}],"version-history":[{"count":1,"href":"https:\/\/laboratorioautodidacta.com\/en\/wp-json\/wp\/v2\/product\/23432\/revisions"}],"predecessor-version":[{"id":23433,"href":"https:\/\/laboratorioautodidacta.com\/en\/wp-json\/wp\/v2\/product\/23432\/revisions\/23433"}],"wp:featuredmedia":[{"embeddable":true,"href":"https:\/\/laboratorioautodidacta.com\/en\/wp-json\/wp\/v2\/media\/22950"}],"wp:attachment":[{"href":"https:\/\/laboratorioautodidacta.com\/en\/wp-json\/wp\/v2\/media?parent=23432"}],"wp:term":[{"taxonomy":"product_brand","embeddable":true,"href":"https:\/\/laboratorioautodidacta.com\/en\/wp-json\/wp\/v2\/product_brand?post=23432"},{"taxonomy":"product_cat","embeddable":true,"href":"https:\/\/laboratorioautodidacta.com\/en\/wp-json\/wp\/v2\/product_cat?post=23432"},{"taxonomy":"product_tag","embeddable":true,"href":"https:\/\/laboratorioautodidacta.com\/en\/wp-json\/wp\/v2\/product_tag?post=23432"}],"curies":[{"name":"wp","href":"https:\/\/api.w.org\/{rel}","templated":true}]}}