{"id":23415,"date":"2024-12-10T14:10:44","date_gmt":"2024-12-10T14:10:44","guid":{"rendered":"https:\/\/laboratorioautodidacta.com\/?post_type=product&#038;p=23415"},"modified":"2024-12-10T14:50:02","modified_gmt":"2024-12-10T14:50:02","slug":"el-encanto-del-autodescubrimiento","status":"publish","type":"product","link":"https:\/\/laboratorioautodidacta.com\/en\/product\/el-encanto-del-autodescubrimiento\/","title":{"rendered":"EL ENCANTO DEL AUTODESCUBRIMIENTO"},"content":{"rendered":"","protected":false},"excerpt":{"rendered":"<p><b>En 2020<\/b><br \/>\n<b>El Encanto del Autodescubrimiento<\/b>\u00a0contiene una propuesta educativa para madres, padres y adultos que acompa\u00f1an procesos de aprendizajes. El autodescubrimiento en la ni\u00f1ez requiere de cultivar la autonom\u00eda; Por lo tanto, se acompa\u00f1a sin interferir los ritmos propios de cada SER, para activar el potencial de manera aut\u00e9ntica y natural. Inspirados en el m\u00e9todo Montessori y con amplia experiencia en el Pestalozzi (Ecuador), Esperanza Chac\u00f3n y Edgar Espinosa<\/p>\n<p>https:\/\/www.amazon.es\/encanto-del-autodescubrimiento-naturaleza-crecimiento-ebook\/dp\/B094D824SX\/ref=mp_s_a_1_1?dchild=1&amp;keywords=el+encanto+del+autodescubrimiento&amp;qid=1623204801&amp;s=books&amp;sprefix=el+encanto+del+&amp;sr=1-1&amp;fbclid=IwAR2MKZvHyfF3FfUOaKYf4HmrmWYirJbL0Kb4J5hBxD4A210YfR2wJGfN-iw<\/p>\n<p>Leer un fragmento del libro dar click en FREE PREVIEW<\/p>\n<p><a href=\"https:\/\/www.amazon.es\/encanto-del-autodescubrimiento-naturaleza-crecimiento-ebook\/dp\/B094D824SX\/ref=mp_s_a_1_1?dchild=1&amp;amp&amp;keywords=el+encanto+del+autodescubrimiento&amp;amp&amp;qid=1623204801&amp;amp&amp;s=books&amp;amp&amp;sprefix=el+encanto+del+&amp;amp&amp;sr=1-1&amp;amp&amp;fbclid=IwAR2MKZvHyfF3FfUOaKYf4HmrmWYirJbL0Kb4J5hBxD4A210YfR2wJGfN-iw\">Comprar Libro &#8211; Click aqu\u00ed<\/a><\/p>\n<p>&nbsp;<\/p>","protected":false},"featured_media":22944,"comment_status":"open","ping_status":"closed","template":"","meta":[],"product_brand":[],"product_cat":[78],"product_tag":[],"class_list":{"0":"post-23415","1":"product","2":"type-product","3":"status-publish","4":"has-post-thumbnail","6":"product_cat-libro","8":"first","9":"outofstock","10":"shipping-taxable","11":"product-type-simple"},"_links":{"self":[{"href":"https:\/\/laboratorioautodidacta.com\/en\/wp-json\/wp\/v2\/product\/23415","targetHints":{"allow":["GET"]}}],"collection":[{"href":"https:\/\/laboratorioautodidacta.com\/en\/wp-json\/wp\/v2\/product"}],"about":[{"href":"https:\/\/laboratorioautodidacta.com\/en\/wp-json\/wp\/v2\/types\/product"}],"replies":[{"embeddable":true,"href":"https:\/\/laboratorioautodidacta.com\/en\/wp-json\/wp\/v2\/comments?post=23415"}],"version-history":[{"count":8,"href":"https:\/\/laboratorioautodidacta.com\/en\/wp-json\/wp\/v2\/product\/23415\/revisions"}],"predecessor-version":[{"id":23431,"href":"https:\/\/laboratorioautodidacta.com\/en\/wp-json\/wp\/v2\/product\/23415\/revisions\/23431"}],"wp:featuredmedia":[{"embeddable":true,"href":"https:\/\/laboratorioautodidacta.com\/en\/wp-json\/wp\/v2\/media\/22944"}],"wp:attachment":[{"href":"https:\/\/laboratorioautodidacta.com\/en\/wp-json\/wp\/v2\/media?parent=23415"}],"wp:term":[{"taxonomy":"product_brand","embeddable":true,"href":"https:\/\/laboratorioautodidacta.com\/en\/wp-json\/wp\/v2\/product_brand?post=23415"},{"taxonomy":"product_cat","embeddable":true,"href":"https:\/\/laboratorioautodidacta.com\/en\/wp-json\/wp\/v2\/product_cat?post=23415"},{"taxonomy":"product_tag","embeddable":true,"href":"https:\/\/laboratorioautodidacta.com\/en\/wp-json\/wp\/v2\/product_tag?post=23415"}],"curies":[{"name":"wp","href":"https:\/\/api.w.org\/{rel}","templated":true}]}}