{"id":23413,"date":"2024-12-10T14:08:08","date_gmt":"2024-12-10T14:08:08","guid":{"rendered":"https:\/\/laboratorioautodidacta.com\/?post_type=product&#038;p=23413"},"modified":"2024-12-10T14:47:48","modified_gmt":"2024-12-10T14:47:48","slug":"en-el-brillo-de-sus-ojos","status":"publish","type":"product","link":"https:\/\/laboratorioautodidacta.com\/en\/product\/en-el-brillo-de-sus-ojos\/","title":{"rendered":"EN EL BRILLO DE SUS OJOS"},"content":{"rendered":"","protected":false},"excerpt":{"rendered":"<p><b>En 2018<\/b><br \/>\n<b>En el brillo de sus ojos<\/b>, desde que somos mam\u00e1s y pap\u00e1s sabemos que la educaci\u00f3n de nuestros hijos e hijas es un asunto vital para su crecimiento y realizaci\u00f3n personal, pero\u00a0<b>\u00bfCu\u00e1l es la educaci\u00f3n a la que aspiramos para ellos y ellas? \u00bfC\u00f3mo encontramos \u201cen el brillo de sus ojos\u201d el encanto por aprender y crecer como humanos integrales y dignos?<\/b>\u00a0En este relato la autora invita a reflexionar, pero tambi\u00e9n a aplicar los nuevos enfoques educativos que representan un paradigma educativo integral que nos proporciona nuevas oportunidades para el bienestar de nuestros reto\u00f1os y la familia.<\/p>\n<p><a href=\"https:\/\/www.amazon.com\/dp\/993054349X?ref_=litb_std_nodl&amp;asin=993054349X&amp;revisionId=&amp;format=4&amp;depth=1\" target=\"_blank\" rel=\"noopener\">Leer un fragmento del libro &#8211; Click aqu\u00ed<\/a><\/p>\n<p><a href=\"https:\/\/www.amazon.com\/dp\/993054349X?ref_=cm_sw_r_mwn_dp_S78NXRVMDSM8JS9QVFDB&amp;fbclid=IwAR2gRBzHK-k6m0lEX0xm3rVPiN4X28UoMtLrhQ45oICKIgD3PWbVcDs-mv0\" target=\"_blank\" rel=\"noopener\">Comprar Libro &#8211; Click aqu\u00ed<\/a><\/p>\n<p>&nbsp;<\/p>\n<p>&nbsp;<\/p>","protected":false},"featured_media":22953,"comment_status":"open","ping_status":"closed","template":"","meta":[],"product_brand":[],"product_cat":[78],"product_tag":[],"class_list":{"0":"post-23413","1":"product","2":"type-product","3":"status-publish","4":"has-post-thumbnail","6":"product_cat-libro","8":"first","9":"outofstock","10":"shipping-taxable","11":"product-type-simple"},"_links":{"self":[{"href":"https:\/\/laboratorioautodidacta.com\/en\/wp-json\/wp\/v2\/product\/23413","targetHints":{"allow":["GET"]}}],"collection":[{"href":"https:\/\/laboratorioautodidacta.com\/en\/wp-json\/wp\/v2\/product"}],"about":[{"href":"https:\/\/laboratorioautodidacta.com\/en\/wp-json\/wp\/v2\/types\/product"}],"replies":[{"embeddable":true,"href":"https:\/\/laboratorioautodidacta.com\/en\/wp-json\/wp\/v2\/comments?post=23413"}],"version-history":[{"count":9,"href":"https:\/\/laboratorioautodidacta.com\/en\/wp-json\/wp\/v2\/product\/23413\/revisions"}],"predecessor-version":[{"id":23430,"href":"https:\/\/laboratorioautodidacta.com\/en\/wp-json\/wp\/v2\/product\/23413\/revisions\/23430"}],"wp:featuredmedia":[{"embeddable":true,"href":"https:\/\/laboratorioautodidacta.com\/en\/wp-json\/wp\/v2\/media\/22953"}],"wp:attachment":[{"href":"https:\/\/laboratorioautodidacta.com\/en\/wp-json\/wp\/v2\/media?parent=23413"}],"wp:term":[{"taxonomy":"product_brand","embeddable":true,"href":"https:\/\/laboratorioautodidacta.com\/en\/wp-json\/wp\/v2\/product_brand?post=23413"},{"taxonomy":"product_cat","embeddable":true,"href":"https:\/\/laboratorioautodidacta.com\/en\/wp-json\/wp\/v2\/product_cat?post=23413"},{"taxonomy":"product_tag","embeddable":true,"href":"https:\/\/laboratorioautodidacta.com\/en\/wp-json\/wp\/v2\/product_tag?post=23413"}],"curies":[{"name":"wp","href":"https:\/\/api.w.org\/{rel}","templated":true}]}}