{"id":15073,"date":"2023-11-13T12:23:21","date_gmt":"2023-11-13T12:23:21","guid":{"rendered":"https:\/\/demo.edublink.co\/?post_type=product&#038;p=15073"},"modified":"2024-12-10T15:03:51","modified_gmt":"2024-12-10T15:03:51","slug":"manual-de-matematicas","status":"publish","type":"product","link":"https:\/\/laboratorioautodidacta.com\/en\/product\/manual-de-matematicas\/","title":{"rendered":"MANUAL DE MATEM\u00c1TICA"},"content":{"rendered":"<p>En 1993 &#8211; Manual de matem\u00e1tica en contexto de interculturalidad con pueblos quechuas y amaz\u00f3nicos.<\/p>","protected":false},"excerpt":{"rendered":"<p>En 1993 &#8211; Manual de matem\u00e1tica en contexto de interculturalidad con pueblos quechuas y amaz\u00f3nicos.<\/p>","protected":false},"featured_media":22943,"comment_status":"open","ping_status":"closed","template":"","meta":[],"product_brand":[],"product_cat":[78],"product_tag":[80,79],"class_list":{"0":"post-15073","1":"product","2":"type-product","3":"status-publish","4":"has-post-thumbnail","6":"product_cat-libro","7":"product_tag-libro","8":"product_tag-matematica","10":"first","11":"outofstock","12":"virtual","13":"product-type-simple"},"_links":{"self":[{"href":"https:\/\/laboratorioautodidacta.com\/en\/wp-json\/wp\/v2\/product\/15073","targetHints":{"allow":["GET"]}}],"collection":[{"href":"https:\/\/laboratorioautodidacta.com\/en\/wp-json\/wp\/v2\/product"}],"about":[{"href":"https:\/\/laboratorioautodidacta.com\/en\/wp-json\/wp\/v2\/types\/product"}],"replies":[{"embeddable":true,"href":"https:\/\/laboratorioautodidacta.com\/en\/wp-json\/wp\/v2\/comments?post=15073"}],"version-history":[{"count":3,"href":"https:\/\/laboratorioautodidacta.com\/en\/wp-json\/wp\/v2\/product\/15073\/revisions"}],"predecessor-version":[{"id":23412,"href":"https:\/\/laboratorioautodidacta.com\/en\/wp-json\/wp\/v2\/product\/15073\/revisions\/23412"}],"wp:featuredmedia":[{"embeddable":true,"href":"https:\/\/laboratorioautodidacta.com\/en\/wp-json\/wp\/v2\/media\/22943"}],"wp:attachment":[{"href":"https:\/\/laboratorioautodidacta.com\/en\/wp-json\/wp\/v2\/media?parent=15073"}],"wp:term":[{"taxonomy":"product_brand","embeddable":true,"href":"https:\/\/laboratorioautodidacta.com\/en\/wp-json\/wp\/v2\/product_brand?post=15073"},{"taxonomy":"product_cat","embeddable":true,"href":"https:\/\/laboratorioautodidacta.com\/en\/wp-json\/wp\/v2\/product_cat?post=15073"},{"taxonomy":"product_tag","embeddable":true,"href":"https:\/\/laboratorioautodidacta.com\/en\/wp-json\/wp\/v2\/product_tag?post=15073"}],"curies":[{"name":"wp","href":"https:\/\/api.w.org\/{rel}","templated":true}]}}