{"id":23453,"date":"2024-12-10T16:06:19","date_gmt":"2024-12-10T16:06:19","guid":{"rendered":"https:\/\/laboratorioautodidacta.com\/?page_id=23453"},"modified":"2024-12-10T16:17:47","modified_gmt":"2024-12-10T16:17:47","slug":"nuestra-practica","status":"publish","type":"page","link":"https:\/\/laboratorioautodidacta.com\/en\/nuestra-practica\/","title":{"rendered":"Nuestra Pr\u00e1ctica"},"content":{"rendered":"<div data-elementor-type=\"wp-page\" data-elementor-id=\"23453\" class=\"elementor elementor-23453\" data-elementor-post-type=\"page\">\n\t\t\t\t<div class=\"elementor-element elementor-element-3ce38f9 e-flex e-con-boxed e-con e-parent\" data-id=\"3ce38f9\" data-element_type=\"container\">\n\t\t\t\t\t<div class=\"e-con-inner\">\n\t\t\t\t<div class=\"elementor-element elementor-element-200fe55 elementor-widget elementor-widget-edublink-heading\" data-id=\"200fe55\" data-element_type=\"widget\" data-widget_type=\"edublink-heading.default\">\n\t\t\t\t<div class=\"elementor-widget-container\">\n\t\t\t<div class=\"edublink-section-heading\"><span class=\"pre-heading\">NUESTRA PRACTICA<\/span><h3 class=\"heading\"><mark>Activar<\/mark> la confianza en la vida<\/h3><div class=\"title-shape\"><i class=\"icon-19\"><\/i><\/div><div class=\"sub-heading\"><p><strong>Activar la confianza en la vida<\/strong>\u00a0y sus procesos para el despliegue y el crecimiento armo\u0301nico del ser humano en las diferentes etapas de la vida en el entorno familiar y en un entorno social amplio, tales como centros educativos convencionales o comunidades de aprendizaje en donde se pone en pra\u0301ctica la educacio\u0301n no-directiva.. Lo que equivale a que todos los miembros en la familia y comunidad sienten bienestar.<\/p><p>Vivir un proceso de transformacio\u0301n personal para asumir la educacio\u0301n de nuestros propios hijos e hijas, adema\u0301s de otros nin\u0303os, nin\u0303as y adolescentes de acuerdo a su estado de maduracio\u0301n, ritmos y caracteri\u0301sticas personales. Esto sucede si nos hemos detenido a observar a trave\u0301s de\u00a0<strong>\u201cun estar presente con consciencia\u201d<\/strong>, lo que nos facilita a comprender sus necesidades aute\u0301nticas, que son los indicadores para crear las condiciones y el ambiente que necesitan para satisfacerlas.<\/p><p>La creacio\u0301n de\u00a0<strong>un ambiente preparado<\/strong>\u00a0contiene varios aspectos, uno de ellos es descubrir el enigma: \u00bfCua\u0301l es la naturaleza del ser humano y su potencial? Esto sucede cuando disen\u0303amos el ambiente de acuerdo a las manifestaciones que tiene el accionar del nin\u0303o, la nin\u0303a, el adolescente y los adultos, pues son los indicadores que nos permitira\u0301n enriquecer con recursos dida\u0301cticos, lu\u0301dicos, implementos o estructuras. Los esti\u0301mulos del ambiente les impulsan al autodescubrimiento y a aprender a aprender; base del autodidactismo.<\/p><\/div><\/div>\t\t<\/div>\n\t\t\t\t<\/div>\n\t\t\t\t\t<\/div>\n\t\t\t\t<\/div>\n\t\t\t\t<section class=\"elementor-section elementor-inner-section elementor-element elementor-element-090b281 elementor-section-boxed elementor-section-height-default elementor-section-height-default\" data-id=\"090b281\" data-element_type=\"section\">\n\t\t\t\t\t\t<div class=\"elementor-container elementor-column-gap-extended\">\n\t\t\t\t\t<div class=\"elementor-column elementor-col-100 elementor-inner-column elementor-element elementor-element-4231df9\" data-id=\"4231df9\" data-element_type=\"column\">\n\t\t\t<div class=\"elementor-widget-wrap elementor-element-populated\">\n\t\t\t\t\t\t<div class=\"elementor-element elementor-element-9d3fd7a elementor-invisible elementor-widget elementor-widget-edublink-heading\" data-id=\"9d3fd7a\" data-element_type=\"widget\" data-settings=\"{&quot;_animation&quot;:&quot;edublink--slide-up&quot;,&quot;_animation_delay&quot;:150}\" data-widget_type=\"edublink-heading.default\">\n\t\t\t\t<div class=\"elementor-widget-container\">\n\t\t\t<div class=\"edublink-section-heading\"><h3 class=\"heading\">\u00a1 Bienvenido\/a al <mark>Aprendizaje Connotativo<\/mark> !<\/h3><div class=\"title-shape\"><i class=\"icon-19\"><\/i><\/div><\/div>\t\t<\/div>\n\t\t\t\t<\/div>\n\t\t\t\t\t<\/div>\n\t\t<\/div>\n\t\t\t\t\t<\/div>\n\t\t<\/section>\n\t\t\t\t<section class=\"elementor-section elementor-inner-section elementor-element elementor-element-6a1d38e elementor-section-boxed elementor-section-height-default elementor-section-height-default\" data-id=\"6a1d38e\" data-element_type=\"section\">\n\t\t\t\t\t\t<div class=\"elementor-container elementor-column-gap-extended\">\n\t\t\t\t\t<div class=\"elementor-column elementor-col-50 elementor-inner-column elementor-element elementor-element-de98bbe\" data-id=\"de98bbe\" data-element_type=\"column\">\n\t\t\t<div class=\"elementor-widget-wrap elementor-element-populated\">\n\t\t\t\t\t\t<div class=\"elementor-element elementor-element-5b8975d elementor-widget__width-auto elementor-absolute elementor-hidden-tablet elementor-hidden-mobile elementor-invisible elementor-widget elementor-widget-edublink-animation\" data-id=\"5b8975d\" data-element_type=\"widget\" data-settings=\"{&quot;_position&quot;:&quot;absolute&quot;,&quot;_animation&quot;:&quot;fadeIn&quot;,&quot;_animation_delay&quot;:500}\" data-widget_type=\"edublink-animation.default\">\n\t\t\t\t<div class=\"elementor-widget-container\">\n\t\t\t<div class=\"edublink-animation-widget edublink-animation-display-type-mouse-track edublink-animation-content-type-image edublink-mouse-track-item\"><span data-depth=\"2\"><img decoding=\"async\" src=\"https:\/\/laboratorioautodidacta.com\/wp-content\/uploads\/2023\/05\/shape-13.png\" alt=\"Hero-Shape-1\"><\/span><\/div>\t\t<\/div>\n\t\t\t\t<\/div>\n\t\t\t\t<div class=\"elementor-element elementor-element-b680f06 elementor-widget__width-auto elementor-absolute elementor-hidden-tablet elementor-hidden-mobile elementor-invisible elementor-widget elementor-widget-edublink-animation\" data-id=\"b680f06\" data-element_type=\"widget\" data-settings=\"{&quot;_position&quot;:&quot;absolute&quot;,&quot;_animation&quot;:&quot;fadeIn&quot;,&quot;_animation_delay&quot;:500}\" data-widget_type=\"edublink-animation.default\">\n\t\t\t\t<div class=\"elementor-widget-container\">\n\t\t\t<div class=\"edublink-animation-widget edublink-animation-display-type-mouse-track edublink-animation-content-type-image edublink-mouse-track-item\"><span data-depth=\"-2\"><img decoding=\"async\" src=\"https:\/\/laboratorioautodidacta.com\/wp-content\/uploads\/2023\/05\/shape-02.png\" alt=\"Hero-Shape-18\"><\/span><\/div>\t\t<\/div>\n\t\t\t\t<\/div>\n\t\t\t\t<div class=\"elementor-element elementor-element-5a5ff96 elementor-invisible elementor-widget elementor-widget-image\" data-id=\"5a5ff96\" data-element_type=\"widget\" data-settings=\"{&quot;_animation&quot;:&quot;edublink--slide-right&quot;,&quot;_animation_delay&quot;:100}\" data-widget_type=\"image.default\">\n\t\t\t\t<div class=\"elementor-widget-container\">\n\t\t\t\t\t\t\t\t\t\t\t\t\t<img decoding=\"async\" src=\"http:\/\/laboratorioautodidacta.com\/wp-content\/uploads\/2023\/11\/CONFERENCIA-BARCELONA_.jpg\" title=\"\" alt=\"\" loading=\"lazy\" \/>\t\t\t\t\t\t\t\t\t\t\t\t\t<\/div>\n\t\t\t\t<\/div>\n\t\t\t\t\t<\/div>\n\t\t<\/div>\n\t\t\t\t<div class=\"elementor-column elementor-col-50 elementor-inner-column elementor-element elementor-element-8d982ac\" data-id=\"8d982ac\" data-element_type=\"column\">\n\t\t\t<div class=\"elementor-widget-wrap elementor-element-populated\">\n\t\t\t\t\t\t<div class=\"elementor-element elementor-element-38c079d elementor-widget__width-auto elementor-absolute elementor-hidden-tablet elementor-hidden-mobile elementor-invisible elementor-widget elementor-widget-edublink-animation\" data-id=\"38c079d\" data-element_type=\"widget\" data-settings=\"{&quot;_position&quot;:&quot;absolute&quot;,&quot;_animation&quot;:&quot;fadeIn&quot;,&quot;_animation_delay&quot;:500}\" data-widget_type=\"edublink-animation.default\">\n\t\t\t\t<div class=\"elementor-widget-container\">\n\t\t\t<div class=\"edublink-animation-widget edublink-animation-display-type-mouse-track edublink-animation-content-type-image edublink-mouse-track-item\"><span data-depth=\"2\"><img decoding=\"async\" src=\"https:\/\/laboratorioautodidacta.com\/wp-content\/uploads\/2023\/05\/shape-25-1.png\" alt=\"Hero Shape 31\"><\/span><\/div>\t\t<\/div>\n\t\t\t\t<\/div>\n\t\t\t\t<div class=\"elementor-element elementor-element-2100bd2 elementor-widget__width-auto elementor-absolute elementor-hidden-tablet elementor-hidden-mobile elementor-invisible elementor-widget elementor-widget-edublink-animation\" data-id=\"2100bd2\" data-element_type=\"widget\" data-settings=\"{&quot;_position&quot;:&quot;absolute&quot;,&quot;_animation&quot;:&quot;fadeIn&quot;,&quot;_animation_delay&quot;:500}\" data-widget_type=\"edublink-animation.default\">\n\t\t\t\t<div class=\"elementor-widget-container\">\n\t\t\t<div class=\"edublink-animation-widget edublink-animation-display-type-mouse-track edublink-animation-content-type-color edublink-mouse-track-item\"><span data-depth=\"-2\"><span class=\"edublink-animation-widget-color\"><\/span><\/span><\/div>\t\t<\/div>\n\t\t\t\t<\/div>\n\t\t\t\t<div class=\"elementor-element elementor-element-85162d3 elementor-invisible elementor-widget elementor-widget-text-editor\" data-id=\"85162d3\" data-element_type=\"widget\" data-settings=\"{&quot;_animation&quot;:&quot;edublink--slide-up&quot;,&quot;_animation_delay&quot;:100}\" data-widget_type=\"text-editor.default\">\n\t\t\t\t<div class=\"elementor-widget-container\">\n\t\t\t\t\t\t\t<h5 class=\"elementor-image-box-title\">Who is it aimed at?<\/h5><p class=\"elementor-image-box-description\">The Laboratorio Autodidacta program is designed for parents and other adults who support independent learning. It's important to understand that genuine learning is based on interaction with concrete realities.<\/p><h5 class=\"elementor-image-box-title\">Descubrir\u00e1<\/h5><p class=\"elementor-image-box-description\">C\u00f3mo vivir la matem\u00e1tica, el desarrollo del lenguaje y las ciencias.<\/p>\t\t\t\t\t\t<\/div>\n\t\t\t\t<\/div>\n\t\t\t\t<section class=\"elementor-section elementor-inner-section elementor-element elementor-element-9ae2a19 elementor-section-full_width elementor-section-height-default elementor-section-height-default\" data-id=\"9ae2a19\" data-element_type=\"section\">\n\t\t\t\t\t\t<div class=\"elementor-container elementor-column-gap-no\">\n\t\t\t\t\t<div class=\"elementor-column elementor-col-50 elementor-inner-column elementor-element elementor-element-a05e55d elementor-invisible\" data-id=\"a05e55d\" data-element_type=\"column\" data-settings=\"{&quot;animation&quot;:&quot;edublink--slide-up&quot;,&quot;animation_delay&quot;:50}\">\n\t\t\t<div class=\"elementor-widget-wrap elementor-element-populated\">\n\t\t\t\t\t\t<div class=\"elementor-element elementor-element-e077dbb elementor-widget__width-initial elementor-widget-tablet__width-initial elementor-invisible elementor-widget elementor-widget-image\" data-id=\"e077dbb\" data-element_type=\"widget\" data-settings=\"{&quot;_animation_delay&quot;:150,&quot;_animation&quot;:&quot;edublink--slide-left&quot;}\" data-widget_type=\"image.default\">\n\t\t\t\t<div class=\"elementor-widget-container\">\n\t\t\t\t\t\t\t\t\t\t\t\t\t<img fetchpriority=\"high\" decoding=\"async\" width=\"1600\" height=\"2133\" src=\"https:\/\/laboratorioautodidacta.com\/wp-content\/uploads\/2024\/12\/WhatsApp-Image-2024-03-06-at-9.32.51-a.-m-scaled-1.jpeg\" class=\"attachment-full size-full wp-image-22972\" alt=\"\" srcset=\"https:\/\/laboratorioautodidacta.com\/wp-content\/uploads\/2024\/12\/WhatsApp-Image-2024-03-06-at-9.32.51-a.-m-scaled-1.jpeg 1600w, https:\/\/laboratorioautodidacta.com\/wp-content\/uploads\/2024\/12\/WhatsApp-Image-2024-03-06-at-9.32.51-a.-m-scaled-1-600x800.jpeg 600w, https:\/\/laboratorioautodidacta.com\/wp-content\/uploads\/2024\/12\/WhatsApp-Image-2024-03-06-at-9.32.51-a.-m-scaled-1-225x300.jpeg 225w, https:\/\/laboratorioautodidacta.com\/wp-content\/uploads\/2024\/12\/WhatsApp-Image-2024-03-06-at-9.32.51-a.-m-scaled-1-768x1024.jpeg 768w, https:\/\/laboratorioautodidacta.com\/wp-content\/uploads\/2024\/12\/WhatsApp-Image-2024-03-06-at-9.32.51-a.-m-scaled-1-1152x1536.jpeg 1152w, https:\/\/laboratorioautodidacta.com\/wp-content\/uploads\/2024\/12\/WhatsApp-Image-2024-03-06-at-9.32.51-a.-m-scaled-1-1536x2048.jpeg 1536w, https:\/\/laboratorioautodidacta.com\/wp-content\/uploads\/2024\/12\/WhatsApp-Image-2024-03-06-at-9.32.51-a.-m-scaled-1-450x600.jpeg 450w\" sizes=\"(max-width: 1600px) 100vw, 1600px\" \/>\t\t\t\t\t\t\t\t\t\t\t\t\t<\/div>\n\t\t\t\t<\/div>\n\t\t\t\t\t<\/div>\n\t\t<\/div>\n\t\t\t\t<div class=\"elementor-column elementor-col-50 elementor-inner-column elementor-element elementor-element-e7d13d4 elementor-invisible\" data-id=\"e7d13d4\" data-element_type=\"column\" data-settings=\"{&quot;animation&quot;:&quot;edublink--slide-up&quot;,&quot;animation_delay&quot;:50}\">\n\t\t\t<div class=\"elementor-widget-wrap elementor-element-populated\">\n\t\t\t\t\t\t<div class=\"elementor-element elementor-element-87ce270 elementor-invisible elementor-widget elementor-widget-image\" data-id=\"87ce270\" data-element_type=\"widget\" data-settings=\"{&quot;_animation_delay&quot;:200,&quot;_animation&quot;:&quot;edublink--slide-left&quot;}\" data-widget_type=\"image.default\">\n\t\t\t\t<div class=\"elementor-widget-container\">\n\t\t\t\t\t\t\t\t\t\t\t\t\t<img decoding=\"async\" width=\"1200\" height=\"1600\" src=\"https:\/\/laboratorioautodidacta.com\/wp-content\/uploads\/2024\/12\/Talleres-de-capacitacion-Labaut_.jpg\" class=\"attachment-full size-full wp-image-22970\" alt=\"\" srcset=\"https:\/\/laboratorioautodidacta.com\/wp-content\/uploads\/2024\/12\/Talleres-de-capacitacion-Labaut_.jpg 1200w, https:\/\/laboratorioautodidacta.com\/wp-content\/uploads\/2024\/12\/Talleres-de-capacitacion-Labaut_-600x800.jpg 600w, https:\/\/laboratorioautodidacta.com\/wp-content\/uploads\/2024\/12\/Talleres-de-capacitacion-Labaut_-225x300.jpg 225w, https:\/\/laboratorioautodidacta.com\/wp-content\/uploads\/2024\/12\/Talleres-de-capacitacion-Labaut_-768x1024.jpg 768w, https:\/\/laboratorioautodidacta.com\/wp-content\/uploads\/2024\/12\/Talleres-de-capacitacion-Labaut_-1152x1536.jpg 1152w, https:\/\/laboratorioautodidacta.com\/wp-content\/uploads\/2024\/12\/Talleres-de-capacitacion-Labaut_-450x600.jpg 450w\" sizes=\"(max-width: 1200px) 100vw, 1200px\" \/>\t\t\t\t\t\t\t\t\t\t\t\t\t<\/div>\n\t\t\t\t<\/div>\n\t\t\t\t\t<\/div>\n\t\t<\/div>\n\t\t\t\t\t<\/div>\n\t\t<\/section>\n\t\t\t\t\t<\/div>\n\t\t<\/div>\n\t\t\t\t\t<\/div>\n\t\t<\/section>\n\t\t\t\t<section class=\"elementor-section elementor-top-section elementor-element elementor-element-66ad7e6 elementor-section-boxed elementor-section-height-default elementor-section-height-default\" data-id=\"66ad7e6\" data-element_type=\"section\">\n\t\t\t\t\t\t<div class=\"elementor-container elementor-column-gap-default\">\n\t\t\t\t\t<div class=\"elementor-column elementor-col-100 elementor-top-column elementor-element elementor-element-626db02\" data-id=\"626db02\" data-element_type=\"column\">\n\t\t\t<div class=\"elementor-widget-wrap elementor-element-populated\">\n\t\t\t\t\t\t<div class=\"elementor-element elementor-element-6f54f03 elementor-widget__width-auto elementor-absolute elementor-hidden-tablet elementor-hidden-mobile elementor-invisible elementor-widget elementor-widget-edublink-animation\" data-id=\"6f54f03\" data-element_type=\"widget\" data-settings=\"{&quot;_position&quot;:&quot;absolute&quot;,&quot;_animation&quot;:&quot;fadeIn&quot;,&quot;_animation_delay&quot;:500}\" data-widget_type=\"edublink-animation.default\">\n\t\t\t\t<div class=\"elementor-widget-container\">\n\t\t\t<div class=\"edublink-animation-widget edublink-animation-display-type-mouse-track edublink-animation-content-type-image edublink-mouse-track-item\"><span data-depth=\"2\"><img decoding=\"async\" src=\"https:\/\/laboratorioautodidacta.com\/wp-content\/uploads\/2023\/05\/shape-25-1.png\" alt=\"Hero Shape 31\"><\/span><\/div>\t\t<\/div>\n\t\t\t\t<\/div>\n\t\t\t\t<div class=\"elementor-element elementor-element-c1abb19 elementor-widget__width-auto elementor-absolute elementor-hidden-tablet elementor-hidden-mobile elementor-invisible elementor-widget elementor-widget-edublink-animation\" data-id=\"c1abb19\" data-element_type=\"widget\" data-settings=\"{&quot;_position&quot;:&quot;absolute&quot;,&quot;_animation&quot;:&quot;fadeIn&quot;,&quot;_animation_delay&quot;:500}\" data-widget_type=\"edublink-animation.default\">\n\t\t\t\t<div class=\"elementor-widget-container\">\n\t\t\t<div class=\"edublink-animation-widget edublink-animation-display-type-mouse-track edublink-animation-content-type-color edublink-mouse-track-item\"><span data-depth=\"-2\"><span class=\"edublink-animation-widget-color\"><\/span><\/span><\/div>\t\t<\/div>\n\t\t\t\t<\/div>\n\t\t\t\t<div class=\"elementor-element elementor-element-f35b38b elementor-invisible elementor-widget elementor-widget-text-editor\" data-id=\"f35b38b\" data-element_type=\"widget\" data-settings=\"{&quot;_animation&quot;:&quot;edublink--slide-up&quot;,&quot;_animation_delay&quot;:100}\" data-widget_type=\"text-editor.default\">\n\t\t\t\t<div class=\"elementor-widget-container\">\n\t\t\t\t\t\t\t<h5 class=\"elementor-image-box-title\">Mantener vivo el impulso del juego<\/h5><p class=\"elementor-image-box-description\">La real naturaleza del aprendizaje, en donde los adultos tambi\u00e9n conectan con su ni\u00f1o interior<\/p><h5 class=\"elementor-image-box-title\">Autonom\u00eda y Autodirecci\u00f3n<\/h5><p class=\"elementor-image-box-description\">Los materiales Montessori est\u00e1n dise\u00f1ados para ser aut\u00f3nomos, lo que significa que los ni\u00f1os pueden trabajar con ellos de forma independiente.<\/p>\t\t\t\t\t\t<\/div>\n\t\t\t\t<\/div>\n\t\t\t\t\t<\/div>\n\t\t<\/div>\n\t\t\t\t\t<\/div>\n\t\t<\/section>\n\t\t\t\t<\/div>","protected":false},"excerpt":{"rendered":"<p>NUESTRA PRACTICA Activar la confianza en la vida Activar la confianza en la vida\u00a0y sus procesos para el despliegue y el crecimiento armo\u0301nico del ser humano en las diferentes etapas de la vida en el entorno familiar y en un entorno social amplio, tales como centros educativos convencionales o comunidades de aprendizaje en donde se&#8230;<\/p>","protected":false},"author":1,"featured_media":0,"parent":0,"menu_order":0,"comment_status":"closed","ping_status":"closed","template":"","meta":{"footnotes":""},"class_list":["post-23453","page","type-page","status-publish","hentry"],"_links":{"self":[{"href":"https:\/\/laboratorioautodidacta.com\/en\/wp-json\/wp\/v2\/pages\/23453","targetHints":{"allow":["GET"]}}],"collection":[{"href":"https:\/\/laboratorioautodidacta.com\/en\/wp-json\/wp\/v2\/pages"}],"about":[{"href":"https:\/\/laboratorioautodidacta.com\/en\/wp-json\/wp\/v2\/types\/page"}],"author":[{"embeddable":true,"href":"https:\/\/laboratorioautodidacta.com\/en\/wp-json\/wp\/v2\/users\/1"}],"replies":[{"embeddable":true,"href":"https:\/\/laboratorioautodidacta.com\/en\/wp-json\/wp\/v2\/comments?post=23453"}],"version-history":[{"count":8,"href":"https:\/\/laboratorioautodidacta.com\/en\/wp-json\/wp\/v2\/pages\/23453\/revisions"}],"predecessor-version":[{"id":23468,"href":"https:\/\/laboratorioautodidacta.com\/en\/wp-json\/wp\/v2\/pages\/23453\/revisions\/23468"}],"wp:attachment":[{"href":"https:\/\/laboratorioautodidacta.com\/en\/wp-json\/wp\/v2\/media?parent=23453"}],"curies":[{"name":"wp","href":"https:\/\/api.w.org\/{rel}","templated":true}]}}