{"id":10,"date":"2024-11-28T15:20:44","date_gmt":"2024-11-28T15:20:44","guid":{"rendered":"https:\/\/laboratorioautodidacta.com\/cart\/"},"modified":"2024-12-12T19:22:14","modified_gmt":"2024-12-12T19:22:14","slug":"carrito","status":"publish","type":"page","link":"https:\/\/laboratorioautodidacta.com\/cs\/carrito\/","title":{"rendered":"Carrito"},"content":{"rendered":"<div data-block-name=\"woocommerce\/cart\" class=\"wp-block-woocommerce-cart alignwide is-loading\"><div data-block-name=\"woocommerce\/filled-cart-block\" class=\"wp-block-woocommerce-filled-cart-block\"><div data-block-name=\"woocommerce\/cart-items-block\" class=\"wp-block-woocommerce-cart-items-block\"><div data-block-name=\"woocommerce\/cart-line-items-block\" class=\"wp-block-woocommerce-cart-line-items-block\"><\/div>\n\n<div data-block-name=\"woocommerce\/cart-cross-sells-block\" class=\"wp-block-woocommerce-cart-cross-sells-block\"><h2 class=\"wp-block-heading has-large-font-size\">You may be interested in\u2026<\/h2>\n\n<div data-block-name=\"woocommerce\/cart-cross-sells-products-block\" class=\"wp-block-woocommerce-cart-cross-sells-products-block\"><\/div><\/div><\/div>\n\n<div data-block-name=\"woocommerce\/cart-totals-block\" class=\"wp-block-woocommerce-cart-totals-block\"><div data-block-name=\"woocommerce\/cart-order-summary-block\" class=\"wp-block-woocommerce-cart-order-summary-block\"><div data-block-name=\"woocommerce\/cart-order-summary-heading-block\" class=\"wp-block-woocommerce-cart-order-summary-heading-block\"><\/div><div data-block-name=\"woocommerce\/cart-order-summary-coupon-form-block\" class=\"wp-block-woocommerce-cart-order-summary-coupon-form-block\"><\/div><div data-block-name=\"woocommerce\/cart-order-summary-totals-block\" class=\"wp-block-woocommerce-cart-order-summary-totals-block\">\n<div data-block-name=\"woocommerce\/cart-order-summary-subtotal-block\" class=\"wp-block-woocommerce-cart-order-summary-subtotal-block\"><\/div>\n<div data-block-name=\"woocommerce\/cart-order-summary-discount-block\" class=\"wp-block-woocommerce-cart-order-summary-discount-block\"><\/div>\n<div data-block-name=\"woocommerce\/cart-order-summary-fee-block\" class=\"wp-block-woocommerce-cart-order-summary-fee-block\"><\/div>\n<div data-block-name=\"woocommerce\/cart-order-summary-shipping-block\" class=\"wp-block-woocommerce-cart-order-summary-shipping-block\"><\/div>\n<div data-block-name=\"woocommerce\/cart-order-summary-taxes-block\" class=\"wp-block-woocommerce-cart-order-summary-taxes-block\"><\/div><\/div><\/div>\n\n<div data-block-name=\"woocommerce\/cart-express-payment-block\" class=\"wp-block-woocommerce-cart-express-payment-block\"><\/div>\n\n<div data-block-name=\"woocommerce\/proceed-to-checkout-block\" class=\"wp-block-woocommerce-proceed-to-checkout-block\"><\/div>\n\n<div data-block-name=\"woocommerce\/cart-accepted-payment-methods-block\" class=\"wp-block-woocommerce-cart-accepted-payment-methods-block\"><\/div><\/div><\/div>\n\n<div data-block-name=\"woocommerce\/empty-cart-block\" class=\"wp-block-woocommerce-empty-cart-block\"><h2 class=\"wp-block-heading has-text-align-center with-empty-cart-icon wc-block-cart__empty-cart__title\">Your cart is currently empty!<\/h2>\n\n<hr class=\"wp-block-separator has-alpha-channel-opacity is-style-dots\"\/>\n\n<h2 class=\"wp-block-heading has-text-align-center\">New in store<\/h2>\n\n<div data-block-name=\"woocommerce\/product-new\" data-columns=\"4\" data-rows=\"1\" class=\"wc-block-grid wp-block-product-new wp-block-woocommerce-product-new wc-block-product-new has-4-columns\"><ul class=\"wc-block-grid__products\"><li class=\"wc-block-grid__product\">\n\t\t\t\t<a href=\"https:\/\/laboratorioautodidacta.com\/cs\/product\/en-el-brillo-de-sus-ojos-3\/\" class=\"wc-block-grid__product-link\">\n\t\t\t\t\t<div class=\"wc-block-grid__product-onsale\">\n\t\t\t<span aria-hidden=\"true\" data-no-translation=\"\" data-trp-gettext=\"\">Sleva<\/span>\n\t\t\t<span class=\"screen-reader-text\" data-no-translation=\"\" data-trp-gettext=\"\">Produkt na prodej<\/span>\n\t\t<\/div>\n\t\t\t\t\t<div class=\"wc-block-grid__product-image\"><img fetchpriority=\"high\" decoding=\"async\" width=\"300\" height=\"300\" src=\"https:\/\/laboratorioautodidacta.com\/wp-content\/uploads\/woocommerce-placeholder-300x300.png\" class=\"woocommerce-placeholder wp-post-image\" alt=\"\" srcset=\"https:\/\/laboratorioautodidacta.com\/wp-content\/uploads\/woocommerce-placeholder-300x300.png 300w, https:\/\/laboratorioautodidacta.com\/wp-content\/uploads\/woocommerce-placeholder-100x100.png 100w, https:\/\/laboratorioautodidacta.com\/wp-content\/uploads\/woocommerce-placeholder-600x600.png 600w, https:\/\/laboratorioautodidacta.com\/wp-content\/uploads\/woocommerce-placeholder-1024x1024.png 1024w, https:\/\/laboratorioautodidacta.com\/wp-content\/uploads\/woocommerce-placeholder-150x150.png 150w, https:\/\/laboratorioautodidacta.com\/wp-content\/uploads\/woocommerce-placeholder-768x768.png 768w, https:\/\/laboratorioautodidacta.com\/wp-content\/uploads\/woocommerce-placeholder-750x750.png 750w, https:\/\/laboratorioautodidacta.com\/wp-content\/uploads\/woocommerce-placeholder.png 1200w\" sizes=\"(max-width: 300px) 100vw, 300px\" \/><\/div>\n\t\t\t\t\t<div class=\"wc-block-grid__product-title\">En el brillo de sus ojos<\/div>\n\t\t\t\t<\/a>\n\t\t\t\t<div class=\"wc-block-grid__product-price price\"><del aria-hidden=\"true\"><span class=\"woocommerce-Price-amount amount\"><span class=\"woocommerce-Price-currencySymbol\">&#036;<\/span>25<span class=\"decimal-separator\">.00<\/span><\/span><\/del> <span class=\"screen-reader-text\" data-no-translation=\"\" data-trp-gettext=\"\">Original price was: &#036;25.00.<\/span><ins aria-hidden=\"true\"><span class=\"woocommerce-Price-amount amount\"><span class=\"woocommerce-Price-currencySymbol\">&#036;<\/span>12<span class=\"decimal-separator\">.00<\/span><\/span><\/ins><span class=\"screen-reader-text\" data-no-translation=\"\" data-trp-gettext=\"\">Current price is: &#036;12.00.<\/span><\/div>\n\t\t\t\t\n\t\t\t\t<div class=\"wp-block-button wc-block-grid__product-add-to-cart\"><a href=\"?add-to-cart=23950\" aria-label=\"P\u0159idat do ko\u0161\u00edku: \u201cEn el brillo de sus ojos\u201d\" data-quantity=\"1\" data-product_id=\"23950\" data-product_sku=\"\" data-price=\"12\" rel=\"nofollow\" class=\"wp-block-button__link  add_to_cart_button ajax_add_to_cart\" data-no-translation=\"\" data-trp-gettext=\"\" data-no-translation-aria-label=\"\">P\u0159idat do ko\u0161\u00edku<\/a><\/div>\n\t\t\t<\/li><li class=\"wc-block-grid__product\">\n\t\t\t\t<a href=\"https:\/\/laboratorioautodidacta.com\/cs\/product\/en-el-brillo-de-sus-ojos-2\/\" class=\"wc-block-grid__product-link\">\n\t\t\t\t\t<div class=\"wc-block-grid__product-onsale\">\n\t\t\t<span aria-hidden=\"true\" data-no-translation=\"\" data-trp-gettext=\"\">Sleva<\/span>\n\t\t\t<span class=\"screen-reader-text\" data-no-translation=\"\" data-trp-gettext=\"\">Produkt na prodej<\/span>\n\t\t<\/div>\n\t\t\t\t\t<div class=\"wc-block-grid__product-image\"><img fetchpriority=\"high\" decoding=\"async\" width=\"300\" height=\"300\" src=\"https:\/\/laboratorioautodidacta.com\/wp-content\/uploads\/woocommerce-placeholder-300x300.png\" class=\"woocommerce-placeholder wp-post-image\" alt=\"\" srcset=\"https:\/\/laboratorioautodidacta.com\/wp-content\/uploads\/woocommerce-placeholder-300x300.png 300w, https:\/\/laboratorioautodidacta.com\/wp-content\/uploads\/woocommerce-placeholder-100x100.png 100w, https:\/\/laboratorioautodidacta.com\/wp-content\/uploads\/woocommerce-placeholder-600x600.png 600w, https:\/\/laboratorioautodidacta.com\/wp-content\/uploads\/woocommerce-placeholder-1024x1024.png 1024w, https:\/\/laboratorioautodidacta.com\/wp-content\/uploads\/woocommerce-placeholder-150x150.png 150w, https:\/\/laboratorioautodidacta.com\/wp-content\/uploads\/woocommerce-placeholder-768x768.png 768w, https:\/\/laboratorioautodidacta.com\/wp-content\/uploads\/woocommerce-placeholder-750x750.png 750w, https:\/\/laboratorioautodidacta.com\/wp-content\/uploads\/woocommerce-placeholder.png 1200w\" sizes=\"(max-width: 300px) 100vw, 300px\" \/><\/div>\n\t\t\t\t\t<div class=\"wc-block-grid__product-title\">En el brillo de sus ojos<\/div>\n\t\t\t\t<\/a>\n\t\t\t\t<div class=\"wc-block-grid__product-price price\"><del aria-hidden=\"true\"><span class=\"woocommerce-Price-amount amount\"><span class=\"woocommerce-Price-currencySymbol\">&#036;<\/span>25<span class=\"decimal-separator\">.00<\/span><\/span><\/del> <span class=\"screen-reader-text\" data-no-translation=\"\" data-trp-gettext=\"\">Original price was: &#036;25.00.<\/span><ins aria-hidden=\"true\"><span class=\"woocommerce-Price-amount amount\"><span class=\"woocommerce-Price-currencySymbol\">&#036;<\/span>12<span class=\"decimal-separator\">.00<\/span><\/span><\/ins><span class=\"screen-reader-text\" data-no-translation=\"\" data-trp-gettext=\"\">Current price is: &#036;12.00.<\/span><\/div>\n\t\t\t\t\n\t\t\t\t<div class=\"wp-block-button wc-block-grid__product-add-to-cart\"><a href=\"?add-to-cart=23943\" aria-label=\"P\u0159idat do ko\u0161\u00edku: \u201cEn el brillo de sus ojos\u201d\" data-quantity=\"1\" data-product_id=\"23943\" data-product_sku=\"\" data-price=\"12\" rel=\"nofollow\" class=\"wp-block-button__link  add_to_cart_button ajax_add_to_cart\" data-no-translation=\"\" data-trp-gettext=\"\" data-no-translation-aria-label=\"\">P\u0159idat do ko\u0161\u00edku<\/a><\/div>\n\t\t\t<\/li><li class=\"wc-block-grid__product\">\n\t\t\t\t<a href=\"https:\/\/laboratorioautodidacta.com\/cs\/product\/el-encanto-del-autodescubrimiento-2\/\" class=\"wc-block-grid__product-link\">\n\t\t\t\t\t<div class=\"wc-block-grid__product-onsale\">\n\t\t\t<span aria-hidden=\"true\" data-no-translation=\"\" data-trp-gettext=\"\">Sleva<\/span>\n\t\t\t<span class=\"screen-reader-text\" data-no-translation=\"\" data-trp-gettext=\"\">Produkt na prodej<\/span>\n\t\t<\/div>\n\t\t\t\t\t<div class=\"wc-block-grid__product-image\"><img fetchpriority=\"high\" decoding=\"async\" width=\"300\" height=\"300\" src=\"https:\/\/laboratorioautodidacta.com\/wp-content\/uploads\/woocommerce-placeholder-300x300.png\" class=\"woocommerce-placeholder wp-post-image\" alt=\"\" srcset=\"https:\/\/laboratorioautodidacta.com\/wp-content\/uploads\/woocommerce-placeholder-300x300.png 300w, https:\/\/laboratorioautodidacta.com\/wp-content\/uploads\/woocommerce-placeholder-100x100.png 100w, https:\/\/laboratorioautodidacta.com\/wp-content\/uploads\/woocommerce-placeholder-600x600.png 600w, https:\/\/laboratorioautodidacta.com\/wp-content\/uploads\/woocommerce-placeholder-1024x1024.png 1024w, https:\/\/laboratorioautodidacta.com\/wp-content\/uploads\/woocommerce-placeholder-150x150.png 150w, https:\/\/laboratorioautodidacta.com\/wp-content\/uploads\/woocommerce-placeholder-768x768.png 768w, https:\/\/laboratorioautodidacta.com\/wp-content\/uploads\/woocommerce-placeholder-750x750.png 750w, https:\/\/laboratorioautodidacta.com\/wp-content\/uploads\/woocommerce-placeholder.png 1200w\" sizes=\"(max-width: 300px) 100vw, 300px\" \/><\/div>\n\t\t\t\t\t<div class=\"wc-block-grid__product-title\">El encanto del autodescubrimiento<\/div>\n\t\t\t\t<\/a>\n\t\t\t\t<div class=\"wc-block-grid__product-price price\"><del aria-hidden=\"true\"><span class=\"woocommerce-Price-amount amount\"><span class=\"woocommerce-Price-currencySymbol\">&#036;<\/span>22<span class=\"decimal-separator\">.00<\/span><\/span><\/del> <span class=\"screen-reader-text\" data-no-translation=\"\" data-trp-gettext=\"\">Original price was: &#036;22.00.<\/span><ins aria-hidden=\"true\"><span class=\"woocommerce-Price-amount amount\"><span class=\"woocommerce-Price-currencySymbol\">&#036;<\/span>10<span class=\"decimal-separator\">.00<\/span><\/span><\/ins><span class=\"screen-reader-text\" data-no-translation=\"\" data-trp-gettext=\"\">Current price is: &#036;10.00.<\/span><\/div>\n\t\t\t\t\n\t\t\t\t<div class=\"wp-block-button wc-block-grid__product-add-to-cart\"><a href=\"?add-to-cart=23940\" aria-label=\"P\u0159idat do ko\u0161\u00edku: \u201cEl encanto del autodescubrimiento\u201d\" data-quantity=\"1\" data-product_id=\"23940\" data-product_sku=\"\" data-price=\"10\" rel=\"nofollow\" class=\"wp-block-button__link  add_to_cart_button ajax_add_to_cart\" data-no-translation=\"\" data-trp-gettext=\"\" data-no-translation-aria-label=\"\">P\u0159idat do ko\u0161\u00edku<\/a><\/div>\n\t\t\t<\/li><li class=\"wc-block-grid__product\">\n\t\t\t\t<a href=\"https:\/\/laboratorioautodidacta.com\/cs\/product\/libro-digital-el-encanto-del-autodescubrimiento\/\" class=\"wc-block-grid__product-link\">\n\t\t\t\t\t<div class=\"wc-block-grid__product-onsale\">\n\t\t\t<span aria-hidden=\"true\" data-no-translation=\"\" data-trp-gettext=\"\">Sleva<\/span>\n\t\t\t<span class=\"screen-reader-text\" data-no-translation=\"\" data-trp-gettext=\"\">Produkt na prodej<\/span>\n\t\t<\/div>\n\t\t\t\t\t<div class=\"wc-block-grid__product-image\"><img fetchpriority=\"high\" decoding=\"async\" width=\"300\" height=\"300\" src=\"https:\/\/laboratorioautodidacta.com\/wp-content\/uploads\/woocommerce-placeholder-300x300.png\" class=\"woocommerce-placeholder wp-post-image\" alt=\"\" srcset=\"https:\/\/laboratorioautodidacta.com\/wp-content\/uploads\/woocommerce-placeholder-300x300.png 300w, https:\/\/laboratorioautodidacta.com\/wp-content\/uploads\/woocommerce-placeholder-100x100.png 100w, https:\/\/laboratorioautodidacta.com\/wp-content\/uploads\/woocommerce-placeholder-600x600.png 600w, https:\/\/laboratorioautodidacta.com\/wp-content\/uploads\/woocommerce-placeholder-1024x1024.png 1024w, https:\/\/laboratorioautodidacta.com\/wp-content\/uploads\/woocommerce-placeholder-150x150.png 150w, https:\/\/laboratorioautodidacta.com\/wp-content\/uploads\/woocommerce-placeholder-768x768.png 768w, https:\/\/laboratorioautodidacta.com\/wp-content\/uploads\/woocommerce-placeholder-750x750.png 750w, https:\/\/laboratorioautodidacta.com\/wp-content\/uploads\/woocommerce-placeholder.png 1200w\" sizes=\"(max-width: 300px) 100vw, 300px\" \/><\/div>\n\t\t\t\t\t<div class=\"wc-block-grid__product-title\">El encanto del autodescubrimiento<\/div>\n\t\t\t\t<\/a>\n\t\t\t\t<div class=\"wc-block-grid__product-price price\"><del aria-hidden=\"true\"><span class=\"woocommerce-Price-amount amount\"><span class=\"woocommerce-Price-currencySymbol\">&#036;<\/span>22<span class=\"decimal-separator\">.00<\/span><\/span><\/del> <span class=\"screen-reader-text\" data-no-translation=\"\" data-trp-gettext=\"\">Original price was: &#036;22.00.<\/span><ins aria-hidden=\"true\"><span class=\"woocommerce-Price-amount amount\"><span class=\"woocommerce-Price-currencySymbol\">&#036;<\/span>10<span class=\"decimal-separator\">.00<\/span><\/span><\/ins><span class=\"screen-reader-text\" data-no-translation=\"\" data-trp-gettext=\"\">Current price is: &#036;10.00.<\/span><\/div>\n\t\t\t\t\n\t\t\t\t<div class=\"wp-block-button wc-block-grid__product-add-to-cart\"><a href=\"?add-to-cart=23935\" aria-label=\"P\u0159idat do ko\u0161\u00edku: \u201cEl encanto del autodescubrimiento\u201d\" data-quantity=\"1\" data-product_id=\"23935\" data-product_sku=\"\" data-price=\"10\" rel=\"nofollow\" class=\"wp-block-button__link  add_to_cart_button ajax_add_to_cart\" data-no-translation=\"\" data-trp-gettext=\"\" data-no-translation-aria-label=\"\">P\u0159idat do ko\u0161\u00edku<\/a><\/div>\n\t\t\t<\/li><\/ul><\/div><\/div><\/div>","protected":false},"excerpt":{"rendered":"","protected":false},"author":1,"featured_media":0,"parent":0,"menu_order":0,"comment_status":"closed","ping_status":"closed","template":"","meta":{"footnotes":""},"class_list":["post-10","page","type-page","status-publish","hentry"],"_links":{"self":[{"href":"https:\/\/laboratorioautodidacta.com\/cs\/wp-json\/wp\/v2\/pages\/10","targetHints":{"allow":["GET"]}}],"collection":[{"href":"https:\/\/laboratorioautodidacta.com\/cs\/wp-json\/wp\/v2\/pages"}],"about":[{"href":"https:\/\/laboratorioautodidacta.com\/cs\/wp-json\/wp\/v2\/types\/page"}],"author":[{"embeddable":true,"href":"https:\/\/laboratorioautodidacta.com\/cs\/wp-json\/wp\/v2\/users\/1"}],"replies":[{"embeddable":true,"href":"https:\/\/laboratorioautodidacta.com\/cs\/wp-json\/wp\/v2\/comments?post=10"}],"version-history":[{"count":1,"href":"https:\/\/laboratorioautodidacta.com\/cs\/wp-json\/wp\/v2\/pages\/10\/revisions"}],"predecessor-version":[{"id":23658,"href":"https:\/\/laboratorioautodidacta.com\/cs\/wp-json\/wp\/v2\/pages\/10\/revisions\/23658"}],"wp:attachment":[{"href":"https:\/\/laboratorioautodidacta.com\/cs\/wp-json\/wp\/v2\/media?parent=10"}],"curies":[{"name":"wp","href":"https:\/\/api.w.org\/{rel}","templated":true}]}}